{"id":36,"date":"2022-08-21T15:38:10","date_gmt":"2022-08-21T14:38:10","guid":{"rendered":"http:\/\/mezotur.reformatus.hu\/ovoda\/?page_id=36"},"modified":"2022-09-04T17:40:04","modified_gmt":"2022-09-04T16:40:04","slug":"kapcsolat","status":"publish","type":"page","link":"https:\/\/mezotur.reformatus.hu\/ovoda\/kapcsolat\/","title":{"rendered":"Kapcsolat"},"content":{"rendered":"<p><strong>Mez\u0151t\u00fari Reform\u00e1tus Koll\u00e9gium<\/strong><\/p>\n<p>F\u0151igazgat\u00f3: \u00c9gern\u00e9 Tam\u00e1s Annam\u00e1ria<\/p>\n<p><strong>Sz\u00e9khely<\/strong><\/p>\n<p>5400 Mez\u0151t\u00far, Kossuth Lajos \u00fat 2.<\/p>\n<p><strong>Telefonsz\u00e1m<\/strong><\/p>\n<p>06 56 350 012<\/p>\n<p><strong>\u00d3voda \u00e9s B\u00f6lcs\u0151de telephely<\/strong><\/p>\n<p>5400 Mez\u0151t\u00far, Kossuth t\u00e9r 11.<\/p>\n<p><strong>K\u00f6zponti honlap<\/strong><\/p>\n<p>refimezotur.hu<\/p>\n<p><strong>K\u00f6z\u00f6ss\u00e9gi h\u00e1l\u00f3<\/strong><\/p>\n<p>www.facebook.com\/turirefiovi<\/p>\n\n\n<iframe src=\"https:\/\/www.google.com\/maps\/embed?pb=!1m18!1m12!1m3!1d7696.220618394249!2d20.62637373092364!3d47.00048415138065!2m3!1f0!2f0!3f0!3m2!1i1024!2i768!4f13.1!3m3!1m2!1s0x4746b1d2c5e2e43f%3A0x118374496b5ffded!2zTWV6xZF0w7pyaSBSZWZvcm3DoXR1cyBLb2xsw6lnaXVtIMOTdm9kw6FqYQ!5e0!3m2!1shu!2shu!4v1661098323902!5m2!1shu!2shu\" width=\"800\" height=\"450\" style=\"border:0;\" allowfullscreen=\"\" loading=\"lazy\" referrerpolicy=\"no-referrer-when-downgrade\"><\/iframe>\n","protected":false},"excerpt":{"rendered":"<p>Mez\u0151t\u00fari Reform\u00e1tus Koll\u00e9gium F\u0151igazgat\u00f3: \u00c9gern\u00e9 Tam\u00e1s Annam\u00e1ria Sz\u00e9khely 5400 Mez\u0151t\u00far, Kossuth Lajos \u00fat 2. Telefonsz\u00e1m 06 56 350 012 \u00d3voda \u00e9s B\u00f6lcs\u0151de telephely 5400 Mez\u0151t\u00far, Kossuth t\u00e9r 11. K\u00f6zponti honlap refimezotur.hu K\u00f6z\u00f6ss\u00e9gi h\u00e1l\u00f3 www.facebook.com\/turirefiovi<\/p>\n","protected":false},"author":1,"featured_media":80,"parent":0,"menu_order":0,"comment_status":"closed","ping_status":"closed","template":"","meta":{"footnotes":""},"class_list":["post-36","page","type-page","status-publish","has-post-thumbnail","hentry"],"_links":{"self":[{"href":"https:\/\/mezotur.reformatus.hu\/ovoda\/wp-json\/wp\/v2\/pages\/36","targetHints":{"allow":["GET"]}}],"collection":[{"href":"https:\/\/mezotur.reformatus.hu\/ovoda\/wp-json\/wp\/v2\/pages"}],"about":[{"href":"https:\/\/mezotur.reformatus.hu\/ovoda\/wp-json\/wp\/v2\/types\/page"}],"author":[{"embeddable":true,"href":"https:\/\/mezotur.reformatus.hu\/ovoda\/wp-json\/wp\/v2\/users\/1"}],"replies":[{"embeddable":true,"href":"https:\/\/mezotur.reformatus.hu\/ovoda\/wp-json\/wp\/v2\/comments?post=36"}],"version-history":[{"count":8,"href":"https:\/\/mezotur.reformatus.hu\/ovoda\/wp-json\/wp\/v2\/pages\/36\/revisions"}],"predecessor-version":[{"id":174,"href":"https:\/\/mezotur.reformatus.hu\/ovoda\/wp-json\/wp\/v2\/pages\/36\/revisions\/174"}],"wp:featuredmedia":[{"embeddable":true,"href":"https:\/\/mezotur.reformatus.hu\/ovoda\/wp-json\/wp\/v2\/media\/80"}],"wp:attachment":[{"href":"https:\/\/mezotur.reformatus.hu\/ovoda\/wp-json\/wp\/v2\/media?parent=36"}],"curies":[{"name":"wp","href":"https:\/\/api.w.org\/{rel}","templated":true}]}}