{"id":34,"date":"2022-08-21T15:36:56","date_gmt":"2022-08-21T14:36:56","guid":{"rendered":"http:\/\/mezotur.reformatus.hu\/ovoda\/?page_id=34"},"modified":"2022-09-07T10:52:49","modified_gmt":"2022-09-07T09:52:49","slug":"koszonto","status":"publish","type":"page","link":"https:\/\/mezotur.reformatus.hu\/ovoda\/koszonto\/","title":{"rendered":"K\u00f6sz\u00f6nt\u0151"},"content":{"rendered":"<h2 style=\"text-align: justify;\">Isten hozott n\u00e1lunk!<img loading=\"lazy\" decoding=\"async\" class=\"alignright wp-image-203 \" src=\"http:\/\/mezotur.reformatus.hu\/ovoda\/wp-content\/uploads\/2022\/09\/egerne.jpg\" alt=\"\" width=\"240\" height=\"350\" \/><\/h2>\n<p style=\"text-align: justify;\">\n<p style=\"text-align: justify;\">Reform\u00e1tus \u00f3vod\u00e1nk a Mez\u0151t\u00fari Reform\u00e1tus Koll\u00e9gium int\u00e9zm\u00e9nyegys\u00e9gek\u00e9nt 2013. szeptember 1-j\u00e9t\u0151l fogad kisgyermekeket, b\u00f6lcs\u0151d\u00e9nk pedig 2022. szeptember 1-j\u00e9n nyitotta meg kapuit.<\/p>\n<p style=\"text-align: justify;\">A Szent\u00edr\u00e1ssal egy\u00fctt valljuk, hogy \u201e<em>az \u00dar aj\u00e1nd\u00e9ka a gyermek<\/em>\u201d (Zsolt\u00e1rok k\u00f6nyve 127. r\u00e9sz 3. vers), \u00edgy val\u00f3ban k\u00fcl\u00f6nleges aj\u00e1nd\u00e9kk\u00e9nt tekint\u00fcnk mi magunk is azokra a kisgyermekekre, akiket sz\u00fcleik a mi gondoz\u00e1sunkra-nevel\u00e9s\u00fcnkre b\u00edznak.<\/p>\n<p style=\"text-align: justify;\">K\u00f6sz\u00f6nj\u00fck a bel\u00e9nk vetett bizalmat! Igyeksz\u00fcnk azt a t\u0151l\u00fcnk telhet\u0151 legnagyobb szeretettel, szaktud\u00e1ssal, gondoskod\u00e1ssal megh\u00e1l\u00e1lni!<\/p>\n<p style=\"text-align: justify;\">Helyi nevel\u00e9si programunk elk\u00e9sz\u00edt\u00e9s\u00e9n\u00e9l a kereszty\u00e9n vil\u00e1gk\u00e9p kialak\u00edt\u00e1s\u00e1t, a kereszty\u00e9n erk\u00f6lcs megalapoz\u00e1s\u00e1t tartottuk szem el\u0151tt. A hit\u00e9leti nevel\u00e9s \u00e9s az a t\u00e9ny, hogy az eg\u00e9sz napot \u00e1thatja a krisztusi szeretet l\u00e9gk\u00f6re, a gyermekek pozit\u00edv szem\u00e9lyis\u00e9g\u00e9nek kialak\u00edt\u00e1s\u00e1t seg\u00edtik el\u0151.<\/p>\n<p style=\"text-align: justify;\"><strong><u>Az \u00d3voda<\/u><\/strong><\/p>\n<p style=\"text-align: justify;\">3 csoportos \u00f3vod\u00e1nkban 6 \u00f3vodapedag\u00f3gus neveli a kisgyermekeket, akiknek a munk\u00e1j\u00e1t 3 dadus n\u00e9ni, 1 fejleszt\u0151 pedag\u00f3gus, 1 pedag\u00f3giai asszisztens, valamint egy konyh\u00e1s n\u00e9ni seg\u00edti.<\/p>\n<p style=\"text-align: justify;\">Nagy hangs\u00falyt fektet\u00fcnk az eg\u00e9szs\u00e9gnevel\u00e9s, valamint a k\u00f6rnyezeti nevel\u00e9s fontoss\u00e1g\u00e1ra. K\u00fcl\u00f6nb\u00f6z\u0151 p\u00e1ly\u00e1zati lehet\u0151s\u00e9gekkel \u00e9lve, \u00f3vod\u00e1nk Boldog \u00d3voda, Mad\u00e1rbar\u00e1t \u00d3voda, Z\u00f6ld \u00d3voda, Kincses Kult\u00far\u00f3voda.<\/p>\n<p style=\"text-align: justify;\">A lelk\u00e9szek \u00e1ltal tartott Bibliaismereti foglalkoz\u00e1sok a gyermekek kereszty\u00e9n nevel\u00e9s\u00e9t seg\u00edtik el\u0151.<\/p>\n<p style=\"text-align: justify;\">\n<p style=\"text-align: justify;\"><strong><u>A B\u00f6lcs\u0151de<\/u><\/strong><\/p>\n<p style=\"text-align: justify;\">A telep\u00fcl\u00e9sen m\u0171k\u00f6d\u0151 gyermekint\u00e9zm\u00e9nyek mellett, azok kapacit\u00e1s\u00e1t kieg\u00e9sz\u00edtve 1 csoportszob\u00e1ban seg\u00edti b\u00f6lcs\u0151d\u00e9nk 14 f\u0151 kisgyermek gondoz\u00e1s\u00e1t-nevel\u00e9s\u00e9t 20 hetes kort\u00f3l 3 \u00e9ves korig. \u00cdgy seg\u00edtj\u00fck a mez\u0151t\u00fari sz\u00fcl\u0151ket a munkav\u00e1llal\u00e1s \u00e9s csal\u00e1di k\u00f6telezetts\u00e9gek \u00f6sszehangol\u00e1s\u00e1ban. 2 f\u0151 kisgyermeknevel\u0151-gondoz\u00f3, valamint 1 f\u0151 b\u00f6lcs\u0151dei dajka v\u00e9gzi a legkisebbek nevel\u00e9s\u00e9t-gondoz\u00e1s\u00e1t. C\u00e9lunk, hogy hossz\u00fa t\u00e1v\u00fa, j\u00f3 sz\u00ednvonal\u00fa alapell\u00e1t\u00e1st biztos\u00edtsunk a csal\u00e1dok sz\u00e1m\u00e1ra.<\/p>\n<p style=\"text-align: justify;\">Kiemelt feladatunknak tekintj\u00fck, hogy a kisgyermeket nevel\u0151 csal\u00e1dok seg\u00edts\u00e9get kapjanak gyermek\u00fck nevel\u00e9s\u00e9hez, magas sz\u00ednvonalon legyen biztos\u00edtott sz\u00e1mukra gyermek\u00fck napk\u00f6zbeni ell\u00e1t\u00e1sa. Fontos sz\u00e1munkra a gyermekek biztons\u00e1g\u00e9rzet\u00e9nek kialakul\u00e1sa, amelyet a stabil \u00e9s rendszeres napirend betart\u00e1s\u00e1val is er\u0151s\u00edt\u00fcnk.<\/p>\n<p style=\"text-align: justify;\">C\u00e9lunk az egy\u00e9ni b\u00e1n\u00e1sm\u00f3d alkalmaz\u00e1s\u00e1val a szeretetteljes, meleg, bar\u00e1ts\u00e1gos l\u00e9gk\u00f6r kialak\u00edt\u00e1sa, amellyel hozz\u00e1j\u00e1rulhatunk a gyermekek szem\u00e9lyis\u00e9g\u00e9nek kibontakoztat\u00e1s\u00e1hoz.<\/p>\n<p style=\"text-align: justify;\">Fontosnak tartjuk, hogy olyan csal\u00e1dbar\u00e1t b\u00f6lcs\u0151dek\u00e9nt m\u0171k\u00f6dj\u00fcnk, amely a gyermekek sz\u00fcks\u00e9gleteire alapozva megfelel a sz\u00fcl\u0151k ig\u00e9nyeinek, ahol k\u00e9pesek vagyunk a v\u00e1ltoz\u00f3 ig\u00e9nyekhez kreat\u00edvan alkalmazkodni, ahol az alkalmazottak naprak\u00e9sz tud\u00e1ssal rendelkeznek \u00e9s k\u00e9szek az \u00e9lethosszig tart\u00f3 tanul\u00e1sra, ahol k\u00e9pesek vagyunk a megszerzett tud\u00e1st, tapasztalatokat alkalmazni.<\/p>\n<p style=\"text-align: justify;\">Mindezek f\u00e9ny\u00e9ben t\u00f6reksz\u00fcnk arra, hogy munkat\u00e1rsaink kereszty\u00e9n szellemis\u00e9gben dolgozva, elfogad\u00f3, empatikus \u00e9s hiteles nevel\u0151i attit\u0171ddel rendelkezzenek, szem\u00e9lyis\u00e9g\u00fck ny\u00fajtson \u00e9rzelmi biztons\u00e1got a kisgyermekek sz\u00e1m\u00e1ra, t\u00e1mogass\u00e1k a gyermekek szem\u00e9lyis\u00e9g\u00e9nek kibontakoz\u00e1s\u00e1t, az \u00f6n\u00e1ll\u00f3sod\u00e1s kialakul\u00e1s\u00e1t, a sz\u00fcl\u0151kkel partneri kapcsolatot \u00e1poljanak, k\u00e9pesek legyenek a folyamatos meg\u00fajul\u00e1sra, fejl\u0151d\u00e9sre \u00e9s mindezek mellett szem\u00e9ly\u00fck, viselked\u00e9s\u00fck p\u00e9lda legyen a gyermekek \u00e9s sz\u00fcl\u0151k sz\u00e1m\u00e1ra.<\/p>\n<p style=\"text-align: justify;\">\n<p style=\"text-align: justify;\">Szeretettel v\u00e1rjuk a kedves Sz\u00fcl\u0151ket, valamint a kisgyermekeket, ismerkedjenek meg Int\u00e9zm\u00e9ny\u00fcnkkel!<\/p>\n<p style=\"text-align: justify;\">\n<p style=\"text-align: justify;\">\u00c9gern\u00e9 Tam\u00e1s Annam\u00e1ria<\/p>\n<p style=\"text-align: justify;\">f\u0151igazgat\u00f3<\/p>\n","protected":false},"excerpt":{"rendered":"<p>Isten hozott n\u00e1lunk! Reform\u00e1tus \u00f3vod\u00e1nk a Mez\u0151t\u00fari Reform\u00e1tus Koll\u00e9gium int\u00e9zm\u00e9nyegys\u00e9gek\u00e9nt 2013. szeptember 1-j\u00e9t\u0151l fogad kisgyermekeket, b\u00f6lcs\u0151d\u00e9nk pedig 2022. szeptember 1-j\u00e9n nyitotta meg kapuit. A Szent\u00edr\u00e1ssal egy\u00fctt valljuk, hogy \u201eaz \u00dar aj\u00e1nd\u00e9ka a gyermek\u201d (Zsolt\u00e1rok k\u00f6nyve 127. r\u00e9sz 3. vers), \u00edgy [&hellip;]<\/p>\n","protected":false},"author":1,"featured_media":83,"parent":0,"menu_order":0,"comment_status":"closed","ping_status":"closed","template":"","meta":{"footnotes":""},"class_list":["post-34","page","type-page","status-publish","has-post-thumbnail","hentry"],"_links":{"self":[{"href":"https:\/\/mezotur.reformatus.hu\/ovoda\/wp-json\/wp\/v2\/pages\/34","targetHints":{"allow":["GET"]}}],"collection":[{"href":"https:\/\/mezotur.reformatus.hu\/ovoda\/wp-json\/wp\/v2\/pages"}],"about":[{"href":"https:\/\/mezotur.reformatus.hu\/ovoda\/wp-json\/wp\/v2\/types\/page"}],"author":[{"embeddable":true,"href":"https:\/\/mezotur.reformatus.hu\/ovoda\/wp-json\/wp\/v2\/users\/1"}],"replies":[{"embeddable":true,"href":"https:\/\/mezotur.reformatus.hu\/ovoda\/wp-json\/wp\/v2\/comments?post=34"}],"version-history":[{"count":7,"href":"https:\/\/mezotur.reformatus.hu\/ovoda\/wp-json\/wp\/v2\/pages\/34\/revisions"}],"predecessor-version":[{"id":208,"href":"https:\/\/mezotur.reformatus.hu\/ovoda\/wp-json\/wp\/v2\/pages\/34\/revisions\/208"}],"wp:featuredmedia":[{"embeddable":true,"href":"https:\/\/mezotur.reformatus.hu\/ovoda\/wp-json\/wp\/v2\/media\/83"}],"wp:attachment":[{"href":"https:\/\/mezotur.reformatus.hu\/ovoda\/wp-json\/wp\/v2\/media?parent=34"}],"curies":[{"name":"wp","href":"https:\/\/api.w.org\/{rel}","templated":true}]}}