{"id":32,"date":"2022-08-21T15:36:22","date_gmt":"2022-08-21T14:36:22","guid":{"rendered":"http:\/\/mezotur.reformatus.hu\/ovoda\/?page_id=32"},"modified":"2025-02-23T16:18:08","modified_gmt":"2025-02-23T15:18:08","slug":"mindennapok","status":"publish","type":"page","link":"https:\/\/mezotur.reformatus.hu\/ovoda\/mindennapok\/","title":{"rendered":"Mindennapok"},"content":{"rendered":"<div class=\"wp-block-image\">\n<figure data-wp-context=\"{&quot;imageId&quot;:&quot;69dec680a42f4&quot;}\" data-wp-interactive=\"core\/image\" data-wp-key=\"69dec680a42f4\" class=\"aligncenter size-full wp-lightbox-container\"><img loading=\"lazy\" decoding=\"async\" width=\"537\" height=\"746\" data-wp-class--hide=\"state.isContentHidden\" data-wp-class--show=\"state.isContentVisible\" data-wp-init=\"callbacks.setButtonStyles\" data-wp-on--click=\"actions.showLightbox\" data-wp-on--load=\"callbacks.setButtonStyles\" data-wp-on-window--resize=\"callbacks.setButtonStyles\" src=\"https:\/\/mezotur.reformatus.hu\/ovoda\/wp-content\/uploads\/2025\/02\/ovi-beiratas.jpg\" alt=\"\" class=\"wp-image-259\"\/><button\n\t\t\tclass=\"lightbox-trigger\"\n\t\t\ttype=\"button\"\n\t\t\taria-haspopup=\"dialog\"\n\t\t\taria-label=\"Nagy\u00edt\u00e1s\"\n\t\t\tdata-wp-init=\"callbacks.initTriggerButton\"\n\t\t\tdata-wp-on--click=\"actions.showLightbox\"\n\t\t\tdata-wp-style--right=\"state.imageButtonRight\"\n\t\t\tdata-wp-style--top=\"state.imageButtonTop\"\n\t\t>\n\t\t\t<svg xmlns=\"http:\/\/www.w3.org\/2000\/svg\" width=\"12\" height=\"12\" fill=\"none\" viewBox=\"0 0 12 12\">\n\t\t\t\t<path fill=\"#fff\" d=\"M2 0a2 2 0 0 0-2 2v2h1.5V2a.5.5 0 0 1 .5-.5h2V0H2Zm2 10.5H2a.5.5 0 0 1-.5-.5V8H0v2a2 2 0 0 0 2 2h2v-1.5ZM8 12v-1.5h2a.5.5 0 0 0 .5-.5V8H12v2a2 2 0 0 1-2 2H8Zm2-12a2 2 0 0 1 2 2v2h-1.5V2a.5.5 0 0 0-.5-.5H8V0h2Z\" \/>\n\t\t\t<\/svg>\n\t\t<\/button><\/figure>\n<\/div>\n\n\n<figure class=\"wp-block-embed is-type-video is-provider-youtube wp-block-embed-youtube wp-embed-aspect-16-9 wp-has-aspect-ratio\"><div class=\"wp-block-embed__wrapper\">\n<iframe loading=\"lazy\" title=\"Napsugaras farsang a Sziv\u00e1rv\u00e1ny csoportban 2024. febru\u00e1r 9\" width=\"640\" height=\"360\" src=\"https:\/\/www.youtube.com\/embed\/4gJaCrKwtm8?feature=oembed\" frameborder=\"0\" allow=\"accelerometer; autoplay; clipboard-write; encrypted-media; gyroscope; picture-in-picture; web-share\" referrerpolicy=\"strict-origin-when-cross-origin\" allowfullscreen><\/iframe>\n<\/div><\/figure>\n\n\n\n<figure class=\"wp-block-embed is-type-video is-provider-youtube wp-block-embed-youtube wp-embed-aspect-16-9 wp-has-aspect-ratio\"><div class=\"wp-block-embed__wrapper\">\n<iframe loading=\"lazy\" title=\"Napsugaras farsang a Napocska csoportban 2024. febru\u00e1r 9\" width=\"640\" height=\"360\" src=\"https:\/\/www.youtube.com\/embed\/dsgPnJpA_LI?feature=oembed\" frameborder=\"0\" allow=\"accelerometer; autoplay; clipboard-write; encrypted-media; gyroscope; picture-in-picture; web-share\" referrerpolicy=\"strict-origin-when-cross-origin\" allowfullscreen><\/iframe>\n<\/div><\/figure>\n\n\n\n<figure class=\"wp-block-embed is-type-video is-provider-youtube wp-block-embed-youtube wp-embed-aspect-16-9 wp-has-aspect-ratio\"><div class=\"wp-block-embed__wrapper\">\n<iframe loading=\"lazy\" title=\"Napsugaras farsang a Hajnalcsillag csoportban 2024. febru\u00e1r 9\" width=\"640\" height=\"360\" src=\"https:\/\/www.youtube.com\/embed\/jbUH1z_HBOw?feature=oembed\" frameborder=\"0\" allow=\"accelerometer; autoplay; clipboard-write; encrypted-media; gyroscope; picture-in-picture; web-share\" referrerpolicy=\"strict-origin-when-cross-origin\" allowfullscreen><\/iframe>\n<\/div><\/figure>\n\n\n\n<figure class=\"wp-block-embed is-type-video is-provider-youtube wp-block-embed-youtube wp-embed-aspect-16-9 wp-has-aspect-ratio\"><div class=\"wp-block-embed__wrapper\">\n<iframe loading=\"lazy\" title=\"Farsangi maskar\u00e1z\u00e1s a Hajnalcsillag csoportban  2023. febru\u00e1r 17\" width=\"640\" height=\"360\" src=\"https:\/\/www.youtube.com\/embed\/39F-9PS9LMc?feature=oembed\" frameborder=\"0\" allow=\"accelerometer; autoplay; clipboard-write; encrypted-media; gyroscope; picture-in-picture; web-share\" referrerpolicy=\"strict-origin-when-cross-origin\" allowfullscreen><\/iframe>\n<\/div><\/figure>\n\n\n\n<figure class=\"wp-block-embed is-type-video is-provider-youtube wp-block-embed-youtube wp-embed-aspect-16-9 wp-has-aspect-ratio\"><div class=\"wp-block-embed__wrapper\">\n<iframe loading=\"lazy\" title=\"Farsangi maskar\u00e1z\u00e1s a Sziv\u00e1rv\u00e1ny csoportban  2023. febru\u00e1r 17\" width=\"640\" height=\"360\" src=\"https:\/\/www.youtube.com\/embed\/n0QX97VejfM?start=826&#038;feature=oembed\" frameborder=\"0\" allow=\"accelerometer; autoplay; clipboard-write; encrypted-media; gyroscope; picture-in-picture; web-share\" referrerpolicy=\"strict-origin-when-cross-origin\" allowfullscreen><\/iframe>\n<\/div><\/figure>\n\n\n\n<p style=\"text-align: center;\"><span style=\"font-size: 10pt;\">A Mez\u0151t\u00fari Reform\u00e1tus Koll\u00e9gium \u00d3vod\u00e1j\u00e1ba a be\u00edratkoz\u00e1s id\u0151pontja: 2023. \u00e1prilis 20-21. 8:00-17:00\u00a0<\/span><\/p>\n<p style=\"text-align: center;\"><span style=\"font-size: 10pt;\">A beiratkoz\u00e1shoz sz\u00fcks\u00e9ges dokumentumok:<\/span><\/p>\n<ul>\n<li style=\"text-align: left;\"><span style=\"font-size: 10pt;\">a gyermek sz\u00fclet\u00e9si anyak\u00f6nyvi kivonata, lakc\u00edm k\u00e1rty\u00e1ja, TAJ-k\u00e1rty\u00e1ja<\/span><\/li>\n<li style=\"text-align: left;\"><span style=\"font-size: 10pt;\">a sz\u00fcl\u0151 szem\u00e9lyi azonos\u00edt\u00f3 \u00e9s lakc\u00edm-k\u00e1rty\u00e1ja<\/span><\/li>\n<li><span style=\"font-size: 10pt;\">sz\u00fcks\u00e9g eset\u00e9n a sz\u00fcl\u0151i fel\u00fcgyeletr\u0151l sz\u00f3l\u00f3 nyilatkozat<\/span><\/li>\n<li><span style=\"font-size: 10pt;\">rendszeres gyermekv\u00e9delmi kedvezm\u00e9nyt vagy h\u00e1tr\u00e1nyos, halmozottan h\u00e1tr\u00e1nyos helyzetet meg\u00e1llap\u00edt\u00f3 nyilatkozat<\/span><\/li>\n<li><span style=\"font-size: 10pt;\">a pedag\u00f3giai szakszolg\u00e1lat szakv\u00e9lem\u00e9nye (BTMN, SNI hat\u00e1rozat &#8211; amennyiben fenn\u00e1ll valamelyik eset)<\/span><\/li>\n<\/ul>\n<p style=\"text-align: center;\"><span style=\"font-size: 10pt;\">Mez\u0151t\u00fari Reform\u00e1tus Egyh\u00e1zk\u00f6zs\u00e9g<\/span><\/p>\n\n\n\n<figure class=\"wp-block-embed is-type-video is-provider-youtube wp-block-embed-youtube wp-embed-aspect-16-9 wp-has-aspect-ratio\"><div class=\"wp-block-embed__wrapper\">\n<iframe loading=\"lazy\" title=\"Farsangi maskar\u00e1z\u00e1s a Napocska csoportban  2023. febru\u00e1r 17\" width=\"640\" height=\"360\" src=\"https:\/\/www.youtube.com\/embed\/K21jH5wgnO4?feature=oembed\" frameborder=\"0\" allow=\"accelerometer; autoplay; clipboard-write; encrypted-media; gyroscope; picture-in-picture; web-share\" referrerpolicy=\"strict-origin-when-cross-origin\" allowfullscreen><\/iframe>\n<\/div><\/figure>\n\n\n\n<figure class=\"wp-block-embed is-type-video is-provider-youtube wp-block-embed-youtube wp-embed-aspect-16-9 wp-has-aspect-ratio\"><div class=\"wp-block-embed__wrapper\">\n<iframe loading=\"lazy\" title=\"Farsangi h\u00f3ka-m\u00f3ka a Hajnalcsillag csoportban 2023. febru\u00e1r 16\" width=\"640\" height=\"360\" src=\"https:\/\/www.youtube.com\/embed\/LnjcYJFxFck?feature=oembed\" frameborder=\"0\" allow=\"accelerometer; autoplay; clipboard-write; encrypted-media; gyroscope; picture-in-picture; web-share\" referrerpolicy=\"strict-origin-when-cross-origin\" allowfullscreen><\/iframe>\n<\/div><\/figure>\n\n\n\n<figure class=\"wp-block-embed is-type-video is-provider-youtube wp-block-embed-youtube wp-embed-aspect-16-9 wp-has-aspect-ratio\"><div class=\"wp-block-embed__wrapper\">\n<iframe loading=\"lazy\" title=\"Farsangi h\u00f3ka-m\u00f3ka a Sziv\u00e1rv\u00e1ny csoportban 2023. febru\u00e1r 16\" width=\"640\" height=\"360\" src=\"https:\/\/www.youtube.com\/embed\/Zokrt1PcuD4?start=28&#038;feature=oembed\" frameborder=\"0\" allow=\"accelerometer; autoplay; clipboard-write; encrypted-media; gyroscope; picture-in-picture; web-share\" referrerpolicy=\"strict-origin-when-cross-origin\" allowfullscreen><\/iframe>\n<\/div><\/figure>\n\n\n\n<figure class=\"wp-block-embed is-type-video is-provider-youtube wp-block-embed-youtube wp-embed-aspect-16-9 wp-has-aspect-ratio\"><div class=\"wp-block-embed__wrapper\">\n<iframe loading=\"lazy\" title=\"Farsangi h\u00f3ka-m\u00f3ka a Napsug\u00e1r csoportban 2023. febru\u00e1r 16\" width=\"640\" height=\"360\" src=\"https:\/\/www.youtube.com\/embed\/Nr5W9oS-k1o?start=36&#038;feature=oembed\" frameborder=\"0\" allow=\"accelerometer; autoplay; clipboard-write; encrypted-media; gyroscope; picture-in-picture; web-share\" referrerpolicy=\"strict-origin-when-cross-origin\" allowfullscreen><\/iframe>\n<\/div><\/figure>\n\n\n\n<figure class=\"wp-block-embed is-type-video is-provider-youtube wp-block-embed-youtube wp-embed-aspect-16-9 wp-has-aspect-ratio\"><div class=\"wp-block-embed__wrapper\">\n<iframe loading=\"lazy\" title=\"\u00c1llatok Vil\u00e1gnapja a Reform\u00e1tus \u00d3vod\u00e1ban 2022. okt\u00f3ber 4\" width=\"640\" height=\"360\" src=\"https:\/\/www.youtube.com\/embed\/94mdCEupfYc?feature=oembed\" frameborder=\"0\" allow=\"accelerometer; autoplay; clipboard-write; encrypted-media; gyroscope; picture-in-picture; web-share\" referrerpolicy=\"strict-origin-when-cross-origin\" allowfullscreen><\/iframe>\n<\/div><\/figure>\n\n\n\n<figure class=\"wp-block-embed is-type-video is-provider-youtube wp-block-embed-youtube wp-embed-aspect-16-9 wp-has-aspect-ratio\"><div class=\"wp-block-embed__wrapper\">\n<iframe loading=\"lazy\" title=\"L\u00fadt\u00f3l tanul a liba.  Kisteleki Gergely solym\u00e1sz bemutat\u00f3ja\" width=\"640\" height=\"360\" src=\"https:\/\/www.youtube.com\/embed\/Ot9wckdFf60?feature=oembed\" frameborder=\"0\" allow=\"accelerometer; autoplay; clipboard-write; encrypted-media; gyroscope; picture-in-picture; web-share\" referrerpolicy=\"strict-origin-when-cross-origin\" allowfullscreen><\/iframe>\n<\/div><\/figure>\n\n\n\n<figure class=\"wp-block-embed is-type-video is-provider-youtube wp-block-embed-youtube wp-embed-aspect-16-9 wp-has-aspect-ratio\"><div class=\"wp-block-embed__wrapper\">\n<iframe loading=\"lazy\" title=\"\u00d3vod\u00e1sok kar\u00e1csonyi m\u0171sora a Szendy P\u00e1l Reform\u00e1tus Id\u0151sotthonban 2022. december 16\" width=\"640\" height=\"360\" src=\"https:\/\/www.youtube.com\/embed\/RI70uv9UZzQ?feature=oembed\" frameborder=\"0\" allow=\"accelerometer; autoplay; clipboard-write; encrypted-media; gyroscope; picture-in-picture; web-share\" referrerpolicy=\"strict-origin-when-cross-origin\" allowfullscreen><\/iframe>\n<\/div><\/figure>\n\n\n\n<figure class=\"wp-block-embed is-type-video is-provider-youtube wp-block-embed-youtube wp-embed-aspect-16-9 wp-has-aspect-ratio\"><div class=\"wp-block-embed__wrapper\">\n<iframe loading=\"lazy\" title=\"Adventi istentisztelet ovisokkal 2022. december 18\" width=\"640\" height=\"360\" src=\"https:\/\/www.youtube.com\/embed\/RDvwMld7uMc?feature=oembed\" frameborder=\"0\" allow=\"accelerometer; autoplay; clipboard-write; encrypted-media; gyroscope; picture-in-picture; web-share\" referrerpolicy=\"strict-origin-when-cross-origin\" allowfullscreen><\/iframe>\n<\/div><\/figure>\n\n\n\n<figure class=\"wp-block-embed is-type-video is-provider-youtube wp-block-embed-youtube wp-embed-aspect-16-9 wp-has-aspect-ratio\"><div class=\"wp-block-embed__wrapper\">\n<iframe loading=\"lazy\" title=\"Kar\u00e1csonyv\u00e1r\u00f3 tead\u00e9lut\u00e1n a Reform\u00e1tus \u00d3voda Hajnalcsillag csoportj\u00e1ban 2022. december 15\" width=\"640\" height=\"360\" src=\"https:\/\/www.youtube.com\/embed\/bNsxvh_VmC0?feature=oembed\" frameborder=\"0\" allow=\"accelerometer; autoplay; clipboard-write; encrypted-media; gyroscope; picture-in-picture; web-share\" referrerpolicy=\"strict-origin-when-cross-origin\" allowfullscreen><\/iframe>\n<\/div><\/figure>\n\n\n\n<figure class=\"wp-block-embed is-type-video is-provider-youtube wp-block-embed-youtube wp-embed-aspect-16-9 wp-has-aspect-ratio\"><div class=\"wp-block-embed__wrapper\">\n<iframe loading=\"lazy\" title=\"Kar\u00e1csonyv\u00e1r\u00f3 tead\u00e9lut\u00e1n a Reform\u00e1tus \u00d3voda Sziv\u00e1rv\u00e1ny csoportj\u00e1ban 2022. december 14\" width=\"640\" height=\"360\" src=\"https:\/\/www.youtube.com\/embed\/_jdwbFa7dgE?feature=oembed\" frameborder=\"0\" allow=\"accelerometer; autoplay; clipboard-write; encrypted-media; gyroscope; picture-in-picture; web-share\" referrerpolicy=\"strict-origin-when-cross-origin\" allowfullscreen><\/iframe>\n<\/div><\/figure>\n\n\n\n<figure class=\"wp-block-embed is-type-video is-provider-youtube wp-block-embed-youtube wp-embed-aspect-16-9 wp-has-aspect-ratio\"><div class=\"wp-block-embed__wrapper\">\n<iframe loading=\"lazy\" title=\"Kar\u00e1csonyv\u00e1r\u00f3 tead\u00e9lut\u00e1n a Reform\u00e1tus \u00d3voda Napocska csoportj\u00e1ban 2022. december 13\" width=\"640\" height=\"360\" src=\"https:\/\/www.youtube.com\/embed\/mKRXTwkYZD4?feature=oembed\" frameborder=\"0\" allow=\"accelerometer; autoplay; clipboard-write; encrypted-media; gyroscope; picture-in-picture; web-share\" referrerpolicy=\"strict-origin-when-cross-origin\" allowfullscreen><\/iframe>\n<\/div><\/figure>\n\n\n\n<figure class=\"wp-block-embed is-type-video is-provider-youtube wp-block-embed-youtube wp-embed-aspect-16-9 wp-has-aspect-ratio\"><div class=\"wp-block-embed__wrapper\">\n<iframe loading=\"lazy\" title=\"Kar\u00e1csonyv\u00e1r\u00f3 k\u00e9zm\u0171ves foglalkoz\u00e1s a Reform\u00e1tus B\u00f6lcs\u0151d\u00e9ben 2022. december 12\" width=\"640\" height=\"360\" src=\"https:\/\/www.youtube.com\/embed\/tEoJzAVAgWo?feature=oembed\" frameborder=\"0\" allow=\"accelerometer; autoplay; clipboard-write; encrypted-media; gyroscope; picture-in-picture; web-share\" referrerpolicy=\"strict-origin-when-cross-origin\" allowfullscreen><\/iframe>\n<\/div><\/figure>\n\n\n\n<figure class=\"wp-block-embed is-type-video is-provider-youtube wp-block-embed-youtube wp-embed-aspect-16-9 wp-has-aspect-ratio\"><div class=\"wp-block-embed__wrapper\">\n<iframe loading=\"lazy\" title=\"Mikul\u00e1s l\u00e1togat\u00e1sa a Reform\u00e1tus \u00d3vod\u00e1ban 2022. december 7\" width=\"640\" height=\"360\" src=\"https:\/\/www.youtube.com\/embed\/-uomT3rxnqw?feature=oembed\" frameborder=\"0\" allow=\"accelerometer; autoplay; clipboard-write; encrypted-media; gyroscope; picture-in-picture; web-share\" referrerpolicy=\"strict-origin-when-cross-origin\" allowfullscreen><\/iframe>\n<\/div><\/figure>\n","protected":false},"excerpt":{"rendered":"<p>A Mez\u0151t\u00fari Reform\u00e1tus Koll\u00e9gium \u00d3vod\u00e1j\u00e1ba a be\u00edratkoz\u00e1s id\u0151pontja: 2023. \u00e1prilis 20-21. 8:00-17:00\u00a0 A beiratkoz\u00e1shoz sz\u00fcks\u00e9ges dokumentumok: a gyermek sz\u00fclet\u00e9si anyak\u00f6nyvi kivonata, lakc\u00edm k\u00e1rty\u00e1ja, TAJ-k\u00e1rty\u00e1ja a sz\u00fcl\u0151 szem\u00e9lyi azonos\u00edt\u00f3 \u00e9s lakc\u00edm-k\u00e1rty\u00e1ja sz\u00fcks\u00e9g eset\u00e9n a sz\u00fcl\u0151i fel\u00fcgyeletr\u0151l sz\u00f3l\u00f3 nyilatkozat rendszeres gyermekv\u00e9delmi kedvezm\u00e9nyt [&hellip;]<\/p>\n","protected":false},"author":1,"featured_media":0,"parent":0,"menu_order":0,"comment_status":"closed","ping_status":"closed","template":"","meta":{"footnotes":""},"class_list":["post-32","page","type-page","status-publish","hentry"],"_links":{"self":[{"href":"https:\/\/mezotur.reformatus.hu\/ovoda\/wp-json\/wp\/v2\/pages\/32","targetHints":{"allow":["GET"]}}],"collection":[{"href":"https:\/\/mezotur.reformatus.hu\/ovoda\/wp-json\/wp\/v2\/pages"}],"about":[{"href":"https:\/\/mezotur.reformatus.hu\/ovoda\/wp-json\/wp\/v2\/types\/page"}],"author":[{"embeddable":true,"href":"https:\/\/mezotur.reformatus.hu\/ovoda\/wp-json\/wp\/v2\/users\/1"}],"replies":[{"embeddable":true,"href":"https:\/\/mezotur.reformatus.hu\/ovoda\/wp-json\/wp\/v2\/comments?post=32"}],"version-history":[{"count":8,"href":"https:\/\/mezotur.reformatus.hu\/ovoda\/wp-json\/wp\/v2\/pages\/32\/revisions"}],"predecessor-version":[{"id":260,"href":"https:\/\/mezotur.reformatus.hu\/ovoda\/wp-json\/wp\/v2\/pages\/32\/revisions\/260"}],"wp:attachment":[{"href":"https:\/\/mezotur.reformatus.hu\/ovoda\/wp-json\/wp\/v2\/media?parent=32"}],"curies":[{"name":"wp","href":"https:\/\/api.w.org\/{rel}","templated":true}]}}