{"id":30,"date":"2022-08-21T15:35:36","date_gmt":"2022-08-21T14:35:36","guid":{"rendered":"http:\/\/mezotur.reformatus.hu\/ovoda\/?page_id=30"},"modified":"2022-12-13T15:34:53","modified_gmt":"2022-12-13T14:34:53","slug":"dokumentumok","status":"publish","type":"page","link":"https:\/\/mezotur.reformatus.hu\/ovoda\/dokumentumok\/","title":{"rendered":"Dokumentumok"},"content":{"rendered":"<p style=\"text-align: left;\"><strong> <a href=\"https:\/\/mezotur.reformatus.hu\/ovoda\/docs\/Jelentkezesi_lap_Ovoda.doc\"><img loading=\"lazy\" decoding=\"async\" class=\"alignnone wp-image-88\" src=\"http:\/\/mezotur.reformatus.hu\/ovoda\/wp-content\/uploads\/2022\/08\/Google_docs.png\" alt=\"\" width=\"60\" height=\"60\" \/><\/a> \u00d3vodai jelentkez\u00e9si lap let\u00f6lt\u00e9se<\/strong><\/p>\n<p><a href=\"https:\/\/mezotur.reformatus.hu\/ovoda\/docs\/Jelentkezesi_lap_Bolcsode.doc\"><img loading=\"lazy\" decoding=\"async\" class=\"alignnone wp-image-88\" src=\"http:\/\/mezotur.reformatus.hu\/ovoda\/wp-content\/uploads\/2022\/08\/Google_docs.png\" alt=\"\" width=\"60\" height=\"60\" \/><\/a> <strong>B\u00f6lcs\u0151dei jelentkez\u00e9si lap let\u00f6lt\u00e9se<\/strong><\/p>\n<p style=\"text-align: center;\">\n","protected":false},"excerpt":{"rendered":"<p>\u00d3vodai jelentkez\u00e9si lap let\u00f6lt\u00e9se B\u00f6lcs\u0151dei jelentkez\u00e9si lap let\u00f6lt\u00e9se<\/p>\n","protected":false},"author":1,"featured_media":81,"parent":0,"menu_order":0,"comment_status":"closed","ping_status":"closed","template":"","meta":{"footnotes":""},"class_list":["post-30","page","type-page","status-publish","has-post-thumbnail","hentry"],"_links":{"self":[{"href":"https:\/\/mezotur.reformatus.hu\/ovoda\/wp-json\/wp\/v2\/pages\/30","targetHints":{"allow":["GET"]}}],"collection":[{"href":"https:\/\/mezotur.reformatus.hu\/ovoda\/wp-json\/wp\/v2\/pages"}],"about":[{"href":"https:\/\/mezotur.reformatus.hu\/ovoda\/wp-json\/wp\/v2\/types\/page"}],"author":[{"embeddable":true,"href":"https:\/\/mezotur.reformatus.hu\/ovoda\/wp-json\/wp\/v2\/users\/1"}],"replies":[{"embeddable":true,"href":"https:\/\/mezotur.reformatus.hu\/ovoda\/wp-json\/wp\/v2\/comments?post=30"}],"version-history":[{"count":6,"href":"https:\/\/mezotur.reformatus.hu\/ovoda\/wp-json\/wp\/v2\/pages\/30\/revisions"}],"predecessor-version":[{"id":217,"href":"https:\/\/mezotur.reformatus.hu\/ovoda\/wp-json\/wp\/v2\/pages\/30\/revisions\/217"}],"wp:featuredmedia":[{"embeddable":true,"href":"https:\/\/mezotur.reformatus.hu\/ovoda\/wp-json\/wp\/v2\/media\/81"}],"wp:attachment":[{"href":"https:\/\/mezotur.reformatus.hu\/ovoda\/wp-json\/wp\/v2\/media?parent=30"}],"curies":[{"name":"wp","href":"https:\/\/api.w.org\/{rel}","templated":true}]}}